{"id":4400,"date":"2021-10-12T15:51:09","date_gmt":"2021-10-12T15:51:09","guid":{"rendered":"http:\/\/dummy.xtemos.com\/woodmart2\/elementor\/?page_id=4400"},"modified":"2025-02-11T07:01:57","modified_gmt":"2025-02-11T07:01:57","slug":"uber-uns","status":"publish","type":"page","link":"https:\/\/doganaymarket.de\/tr\/uber-uns\/","title":{"rendered":"Hakk\u0131m\u0131zda"},"content":{"rendered":"<div data-elementor-type=\"wp-page\" data-elementor-id=\"4400\" class=\"elementor elementor-4400\">\n\t\t\t\t<div class=\"wd-negative-gap elementor-element elementor-element-7cc1cc1 e-flex e-con-boxed e-con e-parent\" data-id=\"7cc1cc1\" data-element_type=\"container\">\n\t\t\t\t\t<div class=\"e-con-inner\">\n\t\t<div class=\"elementor-element elementor-element-41bc20b e-con-full e-flex e-con e-child\" data-id=\"41bc20b\" data-element_type=\"container\">\n\t\t\t\t<div class=\"elementor-element elementor-element-16c8025 elementor-widget elementor-widget-image\" data-id=\"16c8025\" data-element_type=\"widget\" data-widget_type=\"image.default\">\n\t\t\t\t<div class=\"elementor-widget-container\">\n\t\t\t\t\t\t\t\t\t\t\t\t\t\t\t<img fetchpriority=\"high\" decoding=\"async\" width=\"860\" height=\"590\" src=\"https:\/\/doganaymarket.de\/wp-content\/uploads\/2025\/01\/uberunspg.webp\" class=\"attachment-large size-large wp-image-27542\" alt=\"\" srcset=\"https:\/\/doganaymarket.de\/wp-content\/uploads\/2025\/01\/uberunspg.webp 860w, https:\/\/doganaymarket.de\/wp-content\/uploads\/2025\/01\/uberunspg-400x274.webp 400w, https:\/\/doganaymarket.de\/wp-content\/uploads\/2025\/01\/uberunspg-768x527.webp 768w, https:\/\/doganaymarket.de\/wp-content\/uploads\/2025\/01\/uberunspg-430x295.webp 430w, https:\/\/doganaymarket.de\/wp-content\/uploads\/2025\/01\/uberunspg-700x480.webp 700w, https:\/\/doganaymarket.de\/wp-content\/uploads\/2025\/01\/uberunspg-150x103.webp 150w\" sizes=\"(max-width: 860px) 100vw, 860px\" \/>\t\t\t\t\t\t\t\t\t\t\t\t\t\t\t<\/div>\n\t\t\t\t<\/div>\n\t\t\t\t<\/div>\n\t\t<div class=\"elementor-element elementor-element-c63c452 e-con-full e-flex e-con e-child\" data-id=\"c63c452\" data-element_type=\"container\">\n\t\t\t\t<div class=\"elementor-element elementor-element-c0af142 elementor-widget elementor-widget-wd_text_block\" data-id=\"c0af142\" data-element_type=\"widget\" data-widget_type=\"wd_text_block.default\">\n\t\t\t\t<div class=\"elementor-widget-container\">\n\t\t\t\t\t\t\t<div class=\"wd-text-block reset-last-child text-left\">\n\t\t\t\n\t\t\t<p>Do\u011fanay Market olarak sekt\u00f6rdeki uzun y\u0131llara dayanan tecr\u00fcbemiz ve yenilik\u00e7i yakla\u015f\u0131m\u0131m\u0131zla m\u00fc\u015fterilerimize her zaman en iyi hizmeti sunmaya gayret ediyoruz. Kaliteli \u00fcr\u00fcnlerimiz, hijyen ve tazeli\u011fimiz ile her zaman g\u00fcvenilir bir al\u0131\u015fveri\u015f deneyimi yaratmay\u0131 hedefliyoruz.<\/p><p>M\u00fc\u015fterilerimize en iyi hizmeti sunmak i\u00e7in yetkin, deneyimli ve dinamik bir ekiple \u00e7al\u0131\u015f\u0131yoruz. \u00dcr\u00fcn se\u00e7imi, raf tasar\u0131m\u0131 ve m\u00fc\u015fteri hizmetleri konusunda her zaman dikkatli ve samimi bir yakla\u015f\u0131m sergiliyoruz.<\/p><p>\u0130ster ma\u011fazalar\u0131m\u0131zdan ister \u00e7evrimi\u00e7i platformlar\u0131m\u0131zdan al\u0131\u015fveri\u015f yap\u0131n, size her zaman h\u0131zl\u0131, kolay ve rahat bir deneyim sunmak i\u00e7in \u00e7al\u0131\u015f\u0131yoruz. \u00dcr\u00fcn yelpazemizi d\u00fczenli olarak g\u00fcncelliyor ve size sa\u011fl\u0131kl\u0131 ve farkl\u0131 lezzetleri ke\u015ffetmenin yeni yollar\u0131n\u0131 sunuyoruz.<\/p>\n\t\t\t\t\t<\/div>\n\t\t\t\t\t\t<\/div>\n\t\t\t\t<\/div>\n\t\t\t\t<\/div>\n\t\t\t\t\t<\/div>\n\t\t\t\t<\/div>\n\t\t<div class=\"wd-negative-gap elementor-element elementor-element-97c0a5d e-flex e-con-boxed e-con e-parent\" data-id=\"97c0a5d\" data-element_type=\"container\">\n\t\t\t\t\t<div class=\"e-con-inner\">\n\t\t\t\t<div class=\"elementor-element elementor-element-80bcff5 elementor-widget elementor-widget-wd_accordion\" data-id=\"80bcff5\" data-element_type=\"widget\" data-widget_type=\"wd_accordion.default\">\n\t\t\t\t<div class=\"elementor-widget-container\">\n\t\t\t\t\t\n\t\t<div class=\"wd-accordion wd-style-default wd-titles-left wd-opener-pos-left wd-opener-style-arrow\" data-state=\"first\">\n\t\t\t\t\t\t\t\n\t\t\t\t<div class=\"wd-accordion-item\">\n\t\t\t\t\t<div class=\"wd-accordion-title wd-active\" data-accordion-index=\"0\">\n\t\t\t\t\t\t<div class=\"wd-accordion-title-text\">\n\t\t\t\t\t\t\t\t\t\t\t\t\t\t\t<span class=\"img-wrapper\">\n\t\t\t\t\t\t\t\t\t<svg class=\"e-font-icon-svg e-fas-home\" viewbox=\"0 0 576 512\" xmlns=\"http:\/\/www.w3.org\/2000\/svg\"><path d=\"M280.37 148.26L96 300.11V464a16 16 0 0 0 16 16l112.06-.29a16 16 0 0 0 15.92-16V368a16 16 0 0 1 16-16h64a16 16 0 0 1 16 16v95.64a16 16 0 0 0 16 16.05L464 480a16 16 0 0 0 16-16V300L295.67 148.26a12.19 12.19 0 0 0-15.3 0zM571.6 251.47L488 182.56V44.05a12 12 0 0 0-12-12h-56a12 12 0 0 0-12 12v72.61L318.47 43a48 48 0 0 0-61 0L4.34 251.47a12 12 0 0 0-1.6 16.9l25.5 31A12 12 0 0 0 45.15 301l235.22-193.74a12.19 12.19 0 0 1 15.3 0L530.9 301a12 12 0 0 0 16.9-1.6l25.5-31a12 12 0 0 0-1.7-16.93z\"><\/path><\/svg>\t\t\t\t\t\t\t\t<\/span>\n\t\t\t\t\t\t\t\t\t\t\t\t\t\t<span>\n\t\t\t\t\t\t\t\tMisyonumuz\t\t\t\t\t\t\t<\/span>\n\t\t\t\t\t\t<\/div>\n\t\t\t\t\t\t<span class=\"wd-accordion-opener\"><\/span>\n\t\t\t\t\t<\/div>\n\n\t\t\t\t\t<div class=\"wd-accordion-content wd-entry-content wd-active\" data-accordion-index=\"0\">\n\t\t\t\t\t\t\t\t\t\t\t\t\t\n\t\t\t\t\t\t\t<p>Amac\u0131m\u0131z, geni\u015f \u00fcr\u00fcn yelpazemizle her t\u00fcrl\u00fc ihtiyaca cevap vermek ve m\u00fc\u015fterilerimize beklentilerini a\u015fan bir hizmet sunmakt\u0131r. \u00dcr\u00fcn tesliminden sat\u0131\u015fa kadar titizlikle \u00e7al\u0131\u015farak g\u00fcven ve memnuniyet odakl\u0131 bir ili\u015fki kurmay\u0131 hedefliyoruz.<\/p>\n\t\t\t\t\t\t\t\t\t\t\t\t\t\t\t\t\t\t<\/div>\n\t\t\t\t<\/div>\n\t\t\t\t\t\t\t\n\t\t\t\t<div class=\"wd-accordion-item\">\n\t\t\t\t\t<div class=\"wd-accordion-title\" data-accordion-index=\"1\">\n\t\t\t\t\t\t<div class=\"wd-accordion-title-text\">\n\t\t\t\t\t\t\t\t\t\t\t\t\t\t\t<span class=\"img-wrapper\">\n\t\t\t\t\t\t\t\t\t<svg class=\"e-font-icon-svg e-fas-globe\" viewbox=\"0 0 496 512\" xmlns=\"http:\/\/www.w3.org\/2000\/svg\"><path d=\"M336.5 160C322 70.7 287.8 8 248 8s-74 62.7-88.5 152h177zM152 256c0 22.2 1.2 43.5 3.3 64h185.3c2.1-20.5 3.3-41.8 3.3-64s-1.2-43.5-3.3-64H155.3c-2.1 20.5-3.3 41.8-3.3 64zm324.7-96c-28.6-67.9-86.5-120.4-158-141.6 24.4 33.8 41.2 84.7 50 141.6h108zM177.2 18.4C105.8 39.6 47.8 92.1 19.3 160h108c8.7-56.9 25.5-107.8 49.9-141.6zM487.4 192H372.7c2.1 21 3.3 42.5 3.3 64s-1.2 43-3.3 64h114.6c5.5-20.5 8.6-41.8 8.6-64s-3.1-43.5-8.5-64zM120 256c0-21.5 1.2-43 3.3-64H8.6C3.2 212.5 0 233.8 0 256s3.2 43.5 8.6 64h114.6c-2-21-3.2-42.5-3.2-64zm39.5 96c14.5 89.3 48.7 152 88.5 152s74-62.7 88.5-152h-177zm159.3 141.6c71.4-21.2 129.4-73.7 158-141.6h-108c-8.8 56.9-25.6 107.8-50 141.6zM19.3 352c28.6 67.9 86.5 120.4 158 141.6-24.4-33.8-41.2-84.7-50-141.6h-108z\"><\/path><\/svg>\t\t\t\t\t\t\t\t<\/span>\n\t\t\t\t\t\t\t\t\t\t\t\t\t\t<span>\n\t\t\t\t\t\t\t\tVizyonumuz\t\t\t\t\t\t\t<\/span>\n\t\t\t\t\t\t<\/div>\n\t\t\t\t\t\t<span class=\"wd-accordion-opener\"><\/span>\n\t\t\t\t\t<\/div>\n\n\t\t\t\t\t<div class=\"wd-accordion-content wd-entry-content\" data-accordion-index=\"1\">\n\t\t\t\t\t\t\t\t\t\t\t\t\t\n\t\t\t\t\t\t\t<p>Yerel ve uluslararas\u0131 g\u0131da standartlar\u0131na s\u0131k\u0131 s\u0131k\u0131ya ba\u011fl\u0131 kalarak m\u00fc\u015fterilerimize taze ve uygun fiyatl\u0131 \u00fcr\u00fcnler sunmak istiyoruz. Ayr\u0131ca, dijitalle\u015fen d\u00fcnyaya uyum sa\u011flayarak \u00e7evrimi\u00e7i platformlarda g\u00fc\u00e7l\u00fc bir varl\u0131k olu\u015fturmay\u0131 planl\u0131yoruz.<\/p>\n\t\t\t\t\t\t\t\t\t\t\t\t\t\t\t\t\t\t<\/div>\n\t\t\t\t<\/div>\n\t\t\t\t\t<\/div>\n\t\t\t\t\t\t<\/div>\n\t\t\t\t<\/div>\n\t\t\t\t\t<\/div>\n\t\t\t\t<\/div>\n\t\t\t\t<\/div>","protected":false},"excerpt":{"rendered":"<p>Als Doganay Market sind wir stets bestrebt, unseren Kunden mit unserer langj\u00e4hrigen Erfahrung in diesem Sektor und unserer innovativen Sichtweise<\/p>","protected":false},"author":1,"featured_media":0,"parent":0,"menu_order":0,"comment_status":"closed","ping_status":"closed","template":"","meta":{"footnotes":""},"class_list":["post-4400","page","type-page","status-publish","hentry"],"_links":{"self":[{"href":"https:\/\/doganaymarket.de\/tr\/wp-json\/wp\/v2\/pages\/4400","targetHints":{"allow":["GET"]}}],"collection":[{"href":"https:\/\/doganaymarket.de\/tr\/wp-json\/wp\/v2\/pages"}],"about":[{"href":"https:\/\/doganaymarket.de\/tr\/wp-json\/wp\/v2\/types\/page"}],"author":[{"embeddable":true,"href":"https:\/\/doganaymarket.de\/tr\/wp-json\/wp\/v2\/users\/1"}],"replies":[{"embeddable":true,"href":"https:\/\/doganaymarket.de\/tr\/wp-json\/wp\/v2\/comments?post=4400"}],"version-history":[{"count":10,"href":"https:\/\/doganaymarket.de\/tr\/wp-json\/wp\/v2\/pages\/4400\/revisions"}],"predecessor-version":[{"id":27575,"href":"https:\/\/doganaymarket.de\/tr\/wp-json\/wp\/v2\/pages\/4400\/revisions\/27575"}],"wp:attachment":[{"href":"https:\/\/doganaymarket.de\/tr\/wp-json\/wp\/v2\/media?parent=4400"}],"curies":[{"name":"wp","href":"https:\/\/api.w.org\/{rel}","templated":true}]}}