{"id":3,"date":"2025-01-13T12:23:16","date_gmt":"2025-01-13T12:23:16","guid":{"rendered":"https:\/\/doganaymarket.de\/?page_id=3"},"modified":"2025-02-11T08:16:36","modified_gmt":"2025-02-11T08:16:36","slug":"datenschutz","status":"publish","type":"page","link":"https:\/\/doganaymarket.de\/tr\/datenschutz\/","title":{"rendered":"Veri koruma"},"content":{"rendered":"<p>Web sitemizi ziyaret etmenizi d\u00f6rt g\u00f6zle bekliyoruz <a href=\"https:\/\/doganaymarket.de\/tr\/\">www.doganaymarket.de<\/a> (bundan b\u00f6yle \"web sitesi\" olarak an\u0131lacakt\u0131r). Ki\u015fisel verilerinizin korunmas\u0131 bizim i\u00e7in \u00f6zel bir \u00f6nem ta\u015f\u0131maktad\u0131r. A\u015fa\u011f\u0131da, ba\u015fta Genel Veri Koruma Y\u00f6netmeli\u011fi (GDPR) olmak \u00fczere ge\u00e7erli veri koruma d\u00fczenlemeleri \u00e7er\u00e7evesinde verilerinizin toplanmas\u0131, i\u015flenmesi ve kullan\u0131lmas\u0131 hakk\u0131nda sizi bilgilendiriyoruz.<\/p><h3 class=\"wp-block-heading\">1. sorumlu organ<\/h3><ul class=\"wp-block-list\"><li><strong>Do\u011fanay Market<\/strong><\/li>\n\n<li>Ana cadde 381<\/li>\n\n<li>79576 Weil am Rhein<\/li>\n\n<li>Almanya<\/li>\n\n<li>M\u00fcllheimer Str. 36<\/li>\n\n<li>79395 (l\u00fctfen tam konumu ekleyin)<\/li>\n\n<li>Telefon: +49 7621 5830339<\/li>\n\n<li>E-posta: <a href=\"mailto:info@doganaymarket.de\">info@doganaymarket.de<\/a><\/li><\/ul><h3 class=\"wp-block-heading\">2. veri\u0307 i\u0307\u015fleme hakkinda genel bi\u0307lgi\u0307ler<\/h3><h5 class=\"wp-block-heading\">2.1 Ki\u015fisel verilerin i\u015flenmesinin kapsam\u0131<\/h5><p>Kullan\u0131c\u0131lar\u0131m\u0131z\u0131n ki\u015fisel verilerini yaln\u0131zca i\u015flevsel bir web sitesi ile i\u00e7erik ve hizmetlerimizi sa\u011flamak i\u00e7in gerekli oldu\u011fu \u00f6l\u00e7\u00fcde toplar ve kullan\u0131r\u0131z. Ki\u015fisel verilerin toplanmas\u0131 ve kullan\u0131lmas\u0131 d\u00fczenli olarak yaln\u0131zca kullan\u0131c\u0131n\u0131n r\u0131zas\u0131 temelinde veya i\u015flemeye yasal d\u00fczenlemeler taraf\u0131ndan izin verildi\u011fi takdirde ger\u00e7ekle\u015fir.<\/p><h5 class=\"wp-block-heading\">2.2 Yasal dayanak<\/h5><ul class=\"wp-block-list\"><li><strong>Madde 6 paragraf 1 lit. a GDPR<\/strong> izninizi ald\u0131\u011f\u0131m\u0131z i\u015fleme faaliyetleri i\u00e7in yasal dayanak olarak hizmet eder.<\/li>\n\n<li><strong>Madde 6 paragraf 1 lit. b GDPR<\/strong> bir s\u00f6zle\u015fmenin veya s\u00f6zle\u015fme \u00f6ncesi \u00f6nlemlerin yerine getirilmesi i\u00e7in i\u015flemenin yasal dayana\u011f\u0131d\u0131r.<\/li>\n\n<li><strong>Madde 6 paragraf 1 lit. c GDPR<\/strong> Verileri i\u015flemek i\u00e7in yasal bir zorunluluk varsa yasal dayanak olarak hizmet eder.<\/li>\n\n<li><strong>Madde 6 paragraf 1 lit. f GDPR<\/strong> \u0130\u015fleme konusunda me\u015fru bir menfaatimiz varsa ve veri sahibinin aksine a\u011f\u0131r basan menfaatleri veya temel haklar\u0131 yoksa yasal dayanakt\u0131r.<\/li><\/ul><h5 class=\"wp-block-heading\">2.3 Veri silme ve saklama s\u00fcresi<\/h5><p>Ki\u015fisel veriler, saklama amac\u0131 art\u0131k ge\u00e7erli olmad\u0131\u011f\u0131nda silinecek veya engellenecektir. Veriler, yasalar\u0131n gerektirmesi halinde de saklanabilir (\u00f6rne\u011fin ticaret veya vergi hukuku kapsam\u0131nda saklama s\u00fcreleri).<\/p><h3 class=\"wp-block-heading\">3. sunucu g\u00fcnl\u00fck dosyalar\u0131<\/h3><p>Web sitemizi her ziyaret etti\u011finizde, bar\u0131nd\u0131rma sa\u011flay\u0131c\u0131m\u0131z cihaz\u0131n\u0131z\u0131n sisteminden otomatik olarak veri ve bilgi toplar. \u00d6zellikle, a\u015fa\u011f\u0131daki veriler toplanabilir:<\/p><ul class=\"wp-block-list\"><li>Kullan\u0131c\u0131n\u0131n IP adresi<\/li>\n\n<li>Eri\u015fim tarihi ve saati<\/li>\n\n<li>Al\u0131nan dosyan\u0131n ad\u0131 ve URL'si<\/li>\n\n<li>Eri\u015fimin yap\u0131ld\u0131\u011f\u0131 web sitesi (y\u00f6nlendiren URL)<\/li>\n\n<li>Kullan\u0131lan taray\u0131c\u0131 ve varsa son cihaz\u0131n\u0131z\u0131n i\u015fletim sistemi<\/li>\n\n<li>Eri\u015fim sa\u011flay\u0131c\u0131n\u0131z\u0131n ad\u0131<\/li><\/ul><p>Bu verilerin ge\u00e7ici olarak saklanmas\u0131, web sitesinin i\u015flevselli\u011fini sa\u011flamak i\u00e7in teknik olarak gereklidir. Bu veriler pazarlama amac\u0131yla analiz edilmez. Yasal dayanak, GDPR'nin 6. maddesinin 1. f\u0131kras\u0131n\u0131n f bendi uyar\u0131nca me\u015fru menfaatimizdir.<\/p><h3 class=\"wp-block-heading\">4. \u00e7erezlerin kullan\u0131m\u0131<\/h3><p>Web sitemizde k\u0131smen \u00e7erezler kullan\u0131lmaktad\u0131r. \u00c7erezler, son cihaz\u0131n\u0131zda depolanan ve web sitesini kullan\u0131m\u0131n\u0131z\u0131n analiz edilmesini sa\u011flayan metin dosyalar\u0131d\u0131r. Son cihaz\u0131n\u0131za herhangi bir zarar vermezler ve vir\u00fcs i\u00e7ermezler.<\/p><ul class=\"wp-block-list\"><li><strong>Oturum \u00e7erezleri<\/strong> ziyaretinizin sonunda otomatik olarak silinir.<\/li>\n\n<li><strong>Kal\u0131c\u0131 \u00e7erezler<\/strong> siz onlar\u0131 silene kadar son cihaz\u0131n\u0131zda sakl\u0131 kal\u0131r.<\/li><\/ul><p>Taray\u0131c\u0131n\u0131z\u0131, \u00e7erezlerin ayarlanmas\u0131 hakk\u0131nda bilgilendirilecek ve yaln\u0131zca bireysel durumlarda \u00e7erezlere izin verecek, belirli durumlar i\u00e7in \u00e7erezlerin kabul edilmesini hari\u00e7 tutacak veya taray\u0131c\u0131y\u0131 kapat\u0131rken \u00e7erezlerin otomatik olarak silinmesini etkinle\u015ftirecek \u015fekilde ayarlayabilirsiniz. \u00c7erezler devre d\u0131\u015f\u0131 b\u0131rak\u0131l\u0131rsa, bu web sitesinin i\u015flevselli\u011fi k\u0131s\u0131tlanabilir.<\/p><p>Teknik olarak gerekli \u00e7erezlerin kullan\u0131m\u0131 i\u00e7in yasal dayanak GDPR'nin 6. maddesinin 1. f\u0131kras\u0131n\u0131n f bendidir. Di\u011fer t\u00fcm \u00e7erezler i\u00e7in, gerekirse GDPR Madde 6 paragraf 1 lit. a uyar\u0131nca onay\u0131n\u0131z\u0131 al\u0131r\u0131z.<\/p><h3 class=\"wp-block-heading\">5. ileti\u015fim formu ve e-posta ileti\u015fimi<\/h3><p>\u0130leti\u015fim formu arac\u0131l\u0131\u011f\u0131yla bize soru g\u00f6nderirseniz, formdaki bilgileriniz (\u00f6zellikle ad\u0131n\u0131z, e-posta adresiniz, mesaj metniniz) ve IP adresiniz, talebin i\u015flenmesi amac\u0131yla ve takip sorular\u0131 durumunda taraf\u0131m\u0131zdan saklanacakt\u0131r. Bu veriler \u00fc\u00e7\u00fcnc\u00fc taraflara aktar\u0131lmayacakt\u0131r.<\/p><p>\u0130leti\u015fim formuna girilen verilerin i\u015flenmesi sizin izninize dayanmaktad\u0131r (GDPR Madde 6 Paragraf 1 Bent a). Bu izni istedi\u011finiz zaman iptal edebilirsiniz. Tek yapman\u0131z gereken \u015fu adrese resmi olmayan bir e-posta g\u00f6ndermektir <a href=\"mailto:info@doganaymarket.de\">info@doganaymarket.de<\/a>. \u0130ptal i\u015flemine kadar ger\u00e7ekle\u015ftirilen veri i\u015fleme faaliyetlerinin hukuka uygunlu\u011fu iptal i\u015fleminden etkilenmez.<\/p><p>Bizimle e-posta yoluyla ileti\u015fime ge\u00e7erseniz, e-postada sa\u011flad\u0131\u011f\u0131n\u0131z ki\u015fisel veriler saklanacakt\u0131r. Bu verilerin i\u015flenmesinin yasal dayana\u011f\u0131, e-postan\u0131n bir s\u00f6zle\u015fmeyi sonu\u00e7land\u0131rmaya veya ba\u015flatmaya hizmet etmesi durumunda GDPR Madde 6 paragraf 1 lit. b veya di\u011fer sorular i\u00e7in GDPR Madde 6 paragraf 1 lit. f'dir.<\/p><h3 class=\"wp-block-heading\">6 WordPress<\/h3><p>Web sitemiz WordPress i\u00e7erik y\u00f6netim sistemi (CMS) ile i\u015fletilmektedir. WordPress, belirli i\u015flevleri sa\u011flamak veya kullan\u0131m kolayl\u0131\u011f\u0131n\u0131 art\u0131rmak i\u00e7in \u00e7erezler kullan\u0131r. Bu \u00e7erezler genellikle teknik olarak gereklidir. Verileriniz, bar\u0131nd\u0131rma sa\u011flay\u0131c\u0131m\u0131z\u0131n Almanya veya AB'deki sunucusunda saklan\u0131r.<\/p><h3 class=\"wp-block-heading\">7. ki\u015fisel verilerin al\u0131c\u0131lar\u0131<\/h3><p>Ki\u015fisel verileriniz a\u015fa\u011f\u0131daki durumlar haricinde \u00fc\u00e7\u00fcnc\u00fc taraflara aktar\u0131lmayacakt\u0131r:<\/p><ul class=\"wp-block-list\"><li>Bunun i\u00e7in a\u00e7\u0131k r\u0131zan\u0131z\u0131 verdiniz (GDPR Madde 6 paragraf 1 lit. a),<\/li>\n\n<li>sizinle bir s\u00f6zle\u015fme ili\u015fkisinin yerine getirilmesi i\u00e7in gereklidir (GDPR Madde 6 Paragraf 1 Bent b),<\/li>\n\n<li>verileri aktarmak i\u00e7in yasal bir zorunluluk vard\u0131r (GDPR Madde 6 paragraf 1 c bendi),<\/li>\n\n<li>if\u015fa bizim veya \u00fc\u00e7\u00fcnc\u00fc bir taraf\u0131n me\u015fru menfaatlerini korumak i\u00e7in gereklidir ve verilerinizin if\u015fa edilmemesinde korunmaya de\u011fer \u00f6ncelikli bir menfaatiniz oldu\u011funu varsaymak i\u00e7in bir neden yoktur (GDPR Madde 6 paragraf 1 lit. f).<\/li><\/ul><h3 class=\"wp-block-heading\">8. veri\u0307leri\u0307ni\u0307zi\u0307n g\u00fcvenli\u0307\u011fi\u0307<\/h3><p>Taraf\u0131m\u0131zca saklanan verilerinizi kay\u0131p, imha, eri\u015fim, de\u011fi\u015fiklik veya yetkisiz ki\u015filerce yay\u0131lmaya kar\u015f\u0131 korumak i\u00e7in uygun teknik ve organizasyonel g\u00fcvenlik \u00f6nlemleri kullan\u0131yoruz. G\u00fcvenlik \u00f6nlemlerimiz teknolojik geli\u015fmeler do\u011frultusunda s\u00fcrekli olarak iyile\u015ftirilmektedir.<\/p><h3 class=\"wp-block-heading\">9. Veri sahiplerinin haklar\u0131<\/h3><p>Buna hakk\u0131n var:<\/p><ol class=\"wp-block-list\"><li><strong>Bilgi<\/strong> GDPR Madde 15 uyar\u0131nca taraf\u0131m\u0131zca i\u015flenen ki\u015fisel verileriniz hakk\u0131nda.<\/li>\n\n<li><strong>D\u00fczeltme<\/strong> Verilerinizin yanl\u0131\u015f veya eksik olmas\u0131 durumunda GDPR Madde 16 uyar\u0131nca.<\/li>\n\n<li><strong>\u0130ptal<\/strong> GDPR Madde 17 uyar\u0131nca taraf\u0131m\u0131zca saklanan ki\u015fisel verilerinizin, aksine yasal saklama s\u00fcreleri olmamas\u0131 ko\u015fuluyla.<\/li>\n\n<li><strong>\u0130\u015flemenin k\u0131s\u0131tlanmas\u0131<\/strong> GDPR Madde 18 uyar\u0131nca.<\/li>\n\n<li><strong>Veri ta\u015f\u0131nabilirli\u011fi<\/strong> GDPR Madde 20 uyar\u0131nca, bize sa\u011flad\u0131\u011f\u0131n\u0131z ki\u015fisel verileri yap\u0131land\u0131r\u0131lm\u0131\u015f, yayg\u0131n olarak kullan\u0131lan ve makine taraf\u0131ndan okunabilir bir formatta almay\u0131 talep etmek veya ba\u015fka bir denetleyiciye iletilmesini talep etmek.<\/li>\n\n<li><strong>\u00c7eli\u015fki<\/strong> Veri i\u015flemenin me\u015fru menfaatlere dayanmas\u0131 ko\u015fuluyla, GDPR Madde 21 uyar\u0131nca i\u015flemeye itiraz etme.<\/li>\n\n<li><strong>\u0130ptal<\/strong> GDPR Madde 7 paragraf 3 uyar\u0131nca verilen bir onay\u0131 gelecekte ge\u00e7erli olmak \u00fczere herhangi bir zamanda kullanmak.<\/li><\/ol><p>Haklar\u0131n\u0131z\u0131 talep etmek i\u00e7in l\u00fctfen yukar\u0131da verilen ileti\u015fim bilgilerini kullanarak bizimle ileti\u015fime ge\u00e7in.<\/p><h3 class=\"wp-block-heading\">10. denetim makam\u0131na itiraz hakk\u0131<\/h3><p>Ki\u015fisel verilerinizin i\u015flenmesinin GDPR'yi ihlal etti\u011fini d\u00fc\u015f\u00fcn\u00fcyorsan\u0131z, GDPR Madde 77 uyar\u0131nca, \u00f6zellikle ikamet etti\u011finiz, i\u015f yerinizin bulundu\u011fu veya iddia edilen ihlalin ger\u00e7ekle\u015fti\u011fi \u00dcye Devletteki bir denetim makam\u0131na \u015fikayette bulunma hakk\u0131na sahipsiniz.<\/p><h3 class=\"wp-block-heading\">11. bu gi\u0307zli\u0307li\u0307k poli\u0307ti\u0307kasinin g\u00fcncelli\u0307\u011fi\u0307 ve de\u011fi\u0307\u015fti\u0307ri\u0307lmesi\u0307<\/h3><p>Bu gizlilik politikas\u0131 \u015fu anda ge\u00e7erlidir ve \u015eubat 2025 tarihlidir. Web sitemizin daha da geli\u015ftirilmesi veya yasal veya resmi gerekliliklerdeki de\u011fi\u015fiklikler nedeniyle, bu gizlilik politikas\u0131n\u0131n de\u011fi\u015ftirilmesi gerekli olabilir. G\u00fcncel versiyonu burada bulabilirsiniz.<\/p>","protected":false},"excerpt":{"rendered":"<p>Wir freuen uns \u00fcber Ihren Besuch auf unserer Website www.doganaymarket.de (im Folgenden \u201eWebsite\u201c). Der Schutz Ihrer personenbezogenen Daten ist uns<\/p>","protected":false},"author":1,"featured_media":0,"parent":0,"menu_order":0,"comment_status":"closed","ping_status":"closed","template":"","meta":{"footnotes":""},"class_list":["post-3","page","type-page","status-publish","hentry"],"_links":{"self":[{"href":"https:\/\/doganaymarket.de\/tr\/wp-json\/wp\/v2\/pages\/3","targetHints":{"allow":["GET"]}}],"collection":[{"href":"https:\/\/doganaymarket.de\/tr\/wp-json\/wp\/v2\/pages"}],"about":[{"href":"https:\/\/doganaymarket.de\/tr\/wp-json\/wp\/v2\/types\/page"}],"author":[{"embeddable":true,"href":"https:\/\/doganaymarket.de\/tr\/wp-json\/wp\/v2\/users\/1"}],"replies":[{"embeddable":true,"href":"https:\/\/doganaymarket.de\/tr\/wp-json\/wp\/v2\/comments?post=3"}],"version-history":[{"count":2,"href":"https:\/\/doganaymarket.de\/tr\/wp-json\/wp\/v2\/pages\/3\/revisions"}],"predecessor-version":[{"id":27623,"href":"https:\/\/doganaymarket.de\/tr\/wp-json\/wp\/v2\/pages\/3\/revisions\/27623"}],"wp:attachment":[{"href":"https:\/\/doganaymarket.de\/tr\/wp-json\/wp\/v2\/media?parent=3"}],"curies":[{"name":"wp","href":"https:\/\/api.w.org\/{rel}","templated":true}]}}